{"id":360,"date":"2014-02-03T00:16:46","date_gmt":"2014-02-02T23:16:46","guid":{"rendered":"http:\/\/www.alexanderdanner.com\/?page_id=360"},"modified":"2018-06-20T17:14:09","modified_gmt":"2018-06-20T16:14:09","slug":"impressum","status":"publish","type":"page","link":"http:\/\/www.alexanderdanner.com\/?page_id=360","title":{"rendered":"impressum"},"content":{"rendered":"<h1>IMPRESSUM<\/h1>\n<h6>MEDIENINHABER UND HERAUSGEBER\/<br \/>\nPUBLISHER AND RESPONSIBLE FOR CONTENT:<\/h6>\n<p>Alexander Danner<\/p>\n<p>address: Kaiser-Josef-Platz 2, A-8010 Graz<br \/>\ntel.: 00436766831330<br \/>\nmail: photo@alexanderdanner.com<br \/>\nweb: www.alexanderdanner.com<\/p>\n<p>Mitglied der Wirtschaftskammer Steiermark<br \/>\nGewerbeberechtigung: Pressefotograf und Fotodesigner<br \/>\nBeh\u00f6rde gem. ECG: Magistrat der Stadt Graz<\/p>\n<p>URHEBERiNNENRECHT:<\/p>\n<p>Alle auf dieser Seite verwendeten Bilder &amp; Texte unterliegen automatisch dem \u00f6sterreichischen UrheberInnen- &amp; Leistungsschutzrecht.<\/p>\n<p>LINKS:<\/p>\n<p>Bei Verlinkungen auf andere Websiten \u00fcbernehme ich keine Haftung \u00fcber den Inhalt, Funktionalit\u00e4t und Verf\u00fcgbarkeit der verlinkten Website(n). Dies gilt auch bei allen anderen direkten oder indirekten Verweisen oder Verlinkungen auf fremde Internetangebote. Links auf meine Website sind erw\u00fcnscht, wenn sie als externe Links in einem eigenen Browserfenster gestaltet sind. Eine \u00dcbernahme des Hauptfensters in einen Frame des Linksetzers ist unzul\u00e4ssig. Sollte eine Website, auf die ich verlinkt habe, rechtswidrige Inhalte enthalten, so bitte ich um Mitteilung, der Link wird dann umgehend entfernt.<\/p>\n<p>EINBINDUNG VON DIENSTEN UND INHALTEN DRITTER:<\/p>\n<p>Es kann vorkommen, dass innerhalb dieses Onlineangebotes Inhalte Dritter, wie zum Beispiel Videos von YouTube, Kartenmaterial von Google-Maps, RSS-Feeds oder Grafiken von anderen Webseiten eingebunden werden. Dies setzt immer voraus, dass die AnbieterInnen dieser Inhalte (nachfolgend bezeichnet als &#8222;Dritt-Anbieter&#8220;) die IP-Adresse der Nutzer wahr nehmen. Denn ohne die IP-Adresse, k\u00f6nnten sie die Inhalte nicht an den Browser der jeweiligen Nutzerin\/des jeweiligen Nutzers senden. Die IP-Adresse ist damit f\u00fcr die Darstellung dieser Inhalte erforderlich. Wir bem\u00fchen uns nur solche Inhalte zu verwenden, deren jeweilige AnbieterIn die IP-Adresse lediglich zur Auslieferung der Inhalte verwenden. Jedoch haben wir keinen Einfluss darauf, falls die Dritt-AnbieterInnen die IP-Adresse z.B. f\u00fcr statistische Zwecke speichern.<\/p>\n<p>ZUGFRIFFSDATEN\/SERVERLOGFILES:<\/p>\n<p>Der Webspace-Provider dieser Website erhebt Daten \u00fcber jeden Zugriff auf das Angebot (so genannte Serverlogfiles). Zu den Zugriffsdaten geh\u00f6ren:<\/p>\n<p>Name der abgerufenen Webseite, Datei, Datum und Uhrzeit des Abrufs, \u00fcbertragene Datenmenge, Meldung \u00fcber erfolgreichen Abruf, Browsertyp nebst Version, das Betriebssystem des Nutzers, Referrer URL (die zuvor besuchte Seite), IP-Adresse und der anfragende Provider.<\/p>\n<p>Der Anbieter verwendet die Protokolldaten nur f\u00fcr statistische Auswertungen zum Zweck des Betriebs, der Sicherheit und der Optimierung des Angebotes. Der Anbieterbeh\u00e4lt sich jedoch vor, die Protokolldaten nachtr\u00e4glich zu \u00fcberpr\u00fcfen, wenn aufgrund konkreter Anhaltspunkte der berechtigte Verdacht einer rechtswidrigen Nutzung besteht.<\/p>\n<p>COPYLEFT:<\/p>\n<p>Die Reformierung dessen, was im Recht im Allgemeinen als &#8222;geistiges Eigentum&#8220; bezeichnet wird, ist mir ein pers\u00f6nliches Anliegen. Deshalb werden bestimmte Fotografien auf dieser Seite, darunter sowohl solche, die ohne AuftraggeberInnen entstanden sind, als auch in F\u00e4llen, in denen es Vertr\u00e4ge und Vereinbarungen mit AuftraggeberInnen zulassen, unter einer &#8222;CREATIVE COMMONS&#8220;-Lizenz ver\u00f6ffentlicht. Im Konkreten handelt es sich dabei um die Lizenz: &#8222;CC BY-NC-SA 4.0 international&#8220;, die eine ungefragte Weitergabe, Verwendung und Ver\u00e4nderung bzw. k\u00fcnstlerische Manipulation ausdr\u00fccklich erlaubt, solange die Distribution unter den selben Bedingungen erfolgt, keine kommerziellen Interessen damit verfolgt werden und mein Name als Schaffender des jeweiligen Bildes genannt wird. Alle Fotografien, die unter dieser Lizenz ver\u00f6ffentlicht wurden, sind am Seitenende mit folgendem Hinweis gekennzeichnet:<\/p>\n<hr \/>\n<p><a href=\"http:\/\/creativecommons.org\/licenses\/by-nc-sa\/4.0\/\" rel=\"license\"><img src=\"https:\/\/i.creativecommons.org\/l\/by-nc-sa\/4.0\/88x31.png\" alt=\"Creative Commons Lizenzvertrag\" \/><\/a><br \/>\nDieses Werk von <a href=\"http:\/\/www.alexanderdanner.com\/?page_id=360\" rel=\"cc:attributionURL\">Alexander Danner<\/a> ist lizenziert unter einer <a href=\"http:\/\/creativecommons.org\/licenses\/by-nc-sa\/4.0\/\" rel=\"license\">Creative Commons Namensnennung &#8211; Nicht-kommerziell &#8211; Weitergabe unter gleichen Bedingungen 4.0 International Lizenz<\/a>.<\/p>\n<hr \/>\n<p>Die CREATIVE COMMONS-Linzenz gilt ausnahmslos nur f\u00fcr jene Bilder, die entsprechend gekennzeichnet sind. F\u00fcr alle anderen Fotografien und Texte, gilt das klassische UhrheberInnenrecht.<\/p>\n","protected":false},"excerpt":{"rendered":"<p>IMPRESSUM MEDIENINHABER UND HERAUSGEBER\/ PUBLISHER AND RESPONSIBLE FOR CONTENT: Alexander Danner address: Kaiser-Josef-Platz 2, A-8010 Graz tel.: 00436766831330 mail: photo@alexanderdanner.com web: www.alexanderdanner.com Mitglied der Wirtschaftskammer Steiermark Gewerbeberechtigung: Pressefotograf und Fotodesigner Beh\u00f6rde gem. ECG: Magistrat der Stadt Graz URHEBERiNNENRECHT: Alle auf dieser Seite verwendeten Bilder &amp; Texte unterliegen automatisch dem \u00f6sterreichischen UrheberInnen- &amp; Leistungsschutzrecht. LINKS: Bei [&hellip;]<\/p>\n","protected":false},"author":1,"featured_media":1011,"parent":0,"menu_order":0,"comment_status":"closed","ping_status":"open","template":"","meta":[],"_links":{"self":[{"href":"http:\/\/www.alexanderdanner.com\/index.php?rest_route=\/wp\/v2\/pages\/360"}],"collection":[{"href":"http:\/\/www.alexanderdanner.com\/index.php?rest_route=\/wp\/v2\/pages"}],"about":[{"href":"http:\/\/www.alexanderdanner.com\/index.php?rest_route=\/wp\/v2\/types\/page"}],"author":[{"embeddable":true,"href":"http:\/\/www.alexanderdanner.com\/index.php?rest_route=\/wp\/v2\/users\/1"}],"replies":[{"embeddable":true,"href":"http:\/\/www.alexanderdanner.com\/index.php?rest_route=%2Fwp%2Fv2%2Fcomments&post=360"}],"version-history":[{"count":37,"href":"http:\/\/www.alexanderdanner.com\/index.php?rest_route=\/wp\/v2\/pages\/360\/revisions"}],"predecessor-version":[{"id":3657,"href":"http:\/\/www.alexanderdanner.com\/index.php?rest_route=\/wp\/v2\/pages\/360\/revisions\/3657"}],"wp:featuredmedia":[{"embeddable":true,"href":"http:\/\/www.alexanderdanner.com\/index.php?rest_route=\/wp\/v2\/media\/1011"}],"wp:attachment":[{"href":"http:\/\/www.alexanderdanner.com\/index.php?rest_route=%2Fwp%2Fv2%2Fmedia&parent=360"}],"curies":[{"name":"wp","href":"https:\/\/api.w.org\/{rel}","templated":true}]}}