{"id":3705,"date":"2019-05-17T19:43:07","date_gmt":"2019-05-17T18:43:07","guid":{"rendered":"http:\/\/www.alexanderdanner.com\/?page_id=3705"},"modified":"2023-02-02T10:45:09","modified_gmt":"2023-02-02T09:45:09","slug":"crossing-boarders","status":"publish","type":"page","link":"http:\/\/www.alexanderdanner.com\/?page_id=3705","title":{"rendered":"CROSSING"},"content":{"rendered":"<div id=\"new-royalslider-21\" class=\"royalSlider new-royalslider-21 rsDefault rsContentSlider\" style=\"width:100%;height:500px;;\" data-rs-options='{&quot;template&quot;:&quot;default&quot;,&quot;image_generation&quot;:{&quot;imageWidth&quot;:0,&quot;imageHeight&quot;:&quot;&quot;,&quot;thumbImageWidth&quot;:&quot;&quot;,&quot;thumbImageHeight&quot;:&quot;&quot;},&quot;thumbs&quot;:{&quot;thumbWidth&quot;:96,&quot;thumbHeight&quot;:72},&quot;video&quot;:[],&quot;block&quot;:{&quot;moveOffset&quot;:20,&quot;speed&quot;:400,&quot;delay&quot;:200},&quot;width&quot;:&quot;100%&quot;,&quot;height&quot;:500,&quot;autoScaleSliderWidth&quot;:600,&quot;slidesSpacing&quot;:0,&quot;imageScaleMode&quot;:&quot;fill&quot;,&quot;imageScalePadding&quot;:0,&quot;controlNavigation&quot;:&quot;none&quot;,&quot;arrowsNavHideOnTouch&quot;:&quot;true&quot;,&quot;globalCaptionInside&quot;:&quot;true&quot;,&quot;keyboardNavEnabled&quot;:&quot;true&quot;,&quot;fadeinLoadedSlide&quot;:&quot;false&quot;}'>\n<div class=\"rsSlideRoot\">\n  <img class=\"rsImg\" src=\"http:\/\/www.alexanderdanner.com\/wp-content\/uploads\/2024\/04\/CrossingSpielfeldBW_web_0003-2500x1667.jpg\" alt=\"CrossingSpielfeldBW_web_0003\"\/>\n  \n  \n  <h3>CrossingSpielfeldBW_web_0003<\/h3>\n  <p>Gefl\u00fcchtete, untergebracht in einer Massenunterkunft, nahe der Slowenisch-\u00d6sterreichischen Grenze in\u00a08471 Spielfeld, Steiermark (AUT), am 30 11. 2022.<\/p>\n  \n<\/div>\n<div class=\"rsSlideRoot\">\n  <img class=\"rsImg\" src=\"http:\/\/www.alexanderdanner.com\/wp-content\/uploads\/2024\/04\/TextBorderCrossing-2500x1665.jpg\" alt=\"TextBorderCrossing\"\/>\n  \n  \n  <h3>TextBorderCrossing<\/h3>\n  <p><\/p>\n  \n<\/div>\n<div class=\"rsSlideRoot\">\n  <img class=\"rsImg\" src=\"http:\/\/www.alexanderdanner.com\/wp-content\/uploads\/2024\/04\/CrossingSpielfeldBW_web_0001-2500x1664.jpg\" alt=\"CrossingSpielfeldBW_web_0001\"\/>\n  \n  \n  <h3>CrossingSpielfeldBW_web_0001<\/h3>\n  <p><\/p>\n  \n<\/div>\n<div class=\"rsSlideRoot\">\n  <img class=\"rsImg\" src=\"http:\/\/www.alexanderdanner.com\/wp-content\/uploads\/2024\/04\/CrossingSpielfeldBW_web_0020-2500x1667.jpg\" alt=\"CrossingSpielfeldBW_web_0020\"\/>\n  \n  \n  <h3>CrossingSpielfeldBW_web_0020<\/h3>\n  <p><\/p>\n  \n<\/div>\n<div class=\"rsSlideRoot\">\n  <img class=\"rsImg\" src=\"http:\/\/www.alexanderdanner.com\/wp-content\/uploads\/2024\/04\/CrossingSpielfeldBW_web_0006-2500x1664.jpg\" alt=\"CrossingSpielfeldBW_web_0006\"\/>\n  \n  \n  <h3>CrossingSpielfeldBW_web_0006<\/h3>\n  <p><\/p>\n  \n<\/div>\n<div class=\"rsSlideRoot\">\n  <img class=\"rsImg\" src=\"http:\/\/www.alexanderdanner.com\/wp-content\/uploads\/2024\/04\/CrossingSpielfeldBW_web_0027-2500x1667.jpg\" alt=\"CrossingSpielfeldBW_web_0027\"\/>\n  \n  \n  <h3>CrossingSpielfeldBW_web_0027<\/h3>\n  <p><\/p>\n  \n<\/div>\n<div class=\"rsSlideRoot\">\n  <img class=\"rsImg\" src=\"http:\/\/www.alexanderdanner.com\/wp-content\/uploads\/2024\/04\/CrossingSpielfeldBW_web_0023-2500x1664.jpg\" alt=\"CrossingSpielfeldBW_web_0023\"\/>\n  \n  \n  <h3>CrossingSpielfeldBW_web_0023<\/h3>\n  <p><\/p>\n  \n<\/div>\n<div class=\"rsSlideRoot\">\n  <img class=\"rsImg\" src=\"http:\/\/www.alexanderdanner.com\/wp-content\/uploads\/2024\/04\/CrossingSpielfeldBW_web_0013-2500x1664.jpg\" alt=\"CrossingSpielfeldBW_web_0013\"\/>\n  \n  \n  <h3>CrossingSpielfeldBW_web_0013<\/h3>\n  <p><\/p>\n  \n<\/div>\n<div class=\"rsSlideRoot\">\n  <img class=\"rsImg\" src=\"http:\/\/www.alexanderdanner.com\/wp-content\/uploads\/2024\/04\/CrossingSpielfeldBW_web_0028-2500x1664.jpg\" alt=\"CrossingSpielfeldBW_web_0028\"\/>\n  \n  \n  <h3>CrossingSpielfeldBW_web_0028<\/h3>\n  <p><\/p>\n  \n<\/div>\n<div class=\"rsSlideRoot\">\n  <img class=\"rsImg\" src=\"http:\/\/www.alexanderdanner.com\/wp-content\/uploads\/2024\/04\/CrossingSpielfeldBW_web_0012-2500x1664.jpg\" alt=\"CrossingSpielfeldBW_web_0012\"\/>\n  \n  \n  <h3>CrossingSpielfeldBW_web_0012<\/h3>\n  <p>Gefl\u00fcchtete und MigrantInnen am Grenz\u00fcbergang \u0160entilj - Spielfeld, aufgenommen am 29. Oktober 2015.<\/p>\n  \n<\/div>\n<div class=\"rsSlideRoot\">\n  <img class=\"rsImg\" src=\"http:\/\/www.alexanderdanner.com\/wp-content\/uploads\/2024\/04\/CrossingSpielfeldBW_web_0026-2500x1667.jpg\" alt=\"CrossingSpielfeldBW_web_0026\"\/>\n  \n  \n  <h3>CrossingSpielfeldBW_web_0026<\/h3>\n  <p>Schwerpunktaktion der Polizei am Grenz\u00fcbrergang Spielfeld (Steiermark), am 19.5. 2022.<\/p>\n  \n<\/div>\n<div class=\"rsSlideRoot\">\n  <img class=\"rsImg\" src=\"http:\/\/www.alexanderdanner.com\/wp-content\/uploads\/2024\/04\/CrossingSpielfeldBW_web_0025-2500x1667.jpg\" alt=\"CrossingSpielfeldBW_web_0025\"\/>\n  \n  \n  <h3>CrossingSpielfeldBW_web_0025<\/h3>\n  <p><\/p>\n  \n<\/div>\n<div class=\"rsSlideRoot\">\n  <img class=\"rsImg\" src=\"http:\/\/www.alexanderdanner.com\/wp-content\/uploads\/2024\/04\/CrossingSpielfeldBW_web_0024-2500x1667.jpg\" alt=\"CrossingSpielfeldBW_web_0024\"\/>\n  \n  \n  <h3>CrossingSpielfeldBW_web_0024<\/h3>\n  <p><\/p>\n  \n<\/div>\n<div class=\"rsSlideRoot\">\n  <img class=\"rsImg\" src=\"http:\/\/www.alexanderdanner.com\/wp-content\/uploads\/2024\/04\/CrossingSpielfeldBW_web_0009-2500x1664.jpg\" alt=\"CrossingSpielfeldBW_web_0009\"\/>\n  \n  \n  <h3>CrossingSpielfeldBW_web_0009<\/h3>\n  <p><\/p>\n  \n<\/div>\n<div class=\"rsSlideRoot\">\n  <img class=\"rsImg\" src=\"http:\/\/www.alexanderdanner.com\/wp-content\/uploads\/2024\/04\/CrossingSpielfeldBW_web_0014-2500x1664.jpg\" alt=\"CrossingSpielfeldBW_web_0014\"\/>\n  \n  \n  <h3>CrossingSpielfeldBW_web_0014<\/h3>\n  <p>Gefl\u00fcchtete und MigrantInnen am Grenz\u00fcbergang \u0160entilj - Spielfeld, aufgenommen am 29. Oktober 2015.<\/p>\n  \n<\/div>\n<div class=\"rsSlideRoot\">\n  <img class=\"rsImg\" src=\"http:\/\/www.alexanderdanner.com\/wp-content\/uploads\/2024\/04\/CrossingSpielfeldBW_web_0015-2500x1667.jpg\" alt=\"CrossingSpielfeldBW_web_0015\"\/>\n  \n  \n  <h3>CrossingSpielfeldBW_web_0015<\/h3>\n  <p><\/p>\n  \n<\/div>\n<div class=\"rsSlideRoot\">\n  <img class=\"rsImg\" src=\"http:\/\/www.alexanderdanner.com\/wp-content\/uploads\/2024\/04\/CrossingSpielfeldBW_web_0016-2500x1664.jpg\" alt=\"CrossingSpielfeldBW_web_0016\"\/>\n  \n  \n  <h3>CrossingSpielfeldBW_web_0016<\/h3>\n  <p><\/p>\n  \n<\/div>\n<div class=\"rsSlideRoot\">\n  <img class=\"rsImg\" src=\"http:\/\/www.alexanderdanner.com\/wp-content\/uploads\/2024\/04\/CrossingSpielfeldBW_web_0017-2500x1667.jpg\" alt=\"CrossingSpielfeldBW_web_0017\"\/>\n  \n  \n  <h3>CrossingSpielfeldBW_web_0017<\/h3>\n  <p>B\u00fcrgermeisterin Elke Kahr besucht die Zeltunterk\u00fcnfte f\u00fcr Asylwerber in Spielfeld an der S\u00fcdsteirischen Grenze, 18. 10. 2022.<\/p>\n  \n<\/div>\n<div class=\"rsSlideRoot\">\n  <img class=\"rsImg\" src=\"http:\/\/www.alexanderdanner.com\/wp-content\/uploads\/2024\/04\/CrossingSpielfeldBW_web_0018-2500x1664.jpg\" alt=\"CrossingSpielfeldBW_web_0018\"\/>\n  \n  \n  <h3>CrossingSpielfeldBW_web_0018<\/h3>\n  <p><\/p>\n  \n<\/div>\n<div class=\"rsSlideRoot\">\n  <img class=\"rsImg\" src=\"http:\/\/www.alexanderdanner.com\/wp-content\/uploads\/2024\/04\/CrossingSpielfeldBW_web_0019-2500x1664.jpg\" alt=\"CrossingSpielfeldBW_web_0019\"\/>\n  \n  \n  <h3>CrossingSpielfeldBW_web_0019<\/h3>\n  <p><\/p>\n  \n<\/div>\n<div class=\"rsSlideRoot\">\n  <img class=\"rsImg\" src=\"http:\/\/www.alexanderdanner.com\/wp-content\/uploads\/2024\/04\/CrossingSpielfeldBW_web_0021-2500x1667.jpg\" alt=\"CrossingSpielfeldBW_web_0021\"\/>\n  \n  \n  <h3>CrossingSpielfeldBW_web_0021<\/h3>\n  <p><\/p>\n  \n<\/div>\n<div class=\"rsSlideRoot\">\n  <img class=\"rsImg\" src=\"http:\/\/www.alexanderdanner.com\/wp-content\/uploads\/2024\/04\/CrossingSpielfeldBW_web_0011-2500x1664.jpg\" alt=\"CrossingSpielfeldBW_web_0011\"\/>\n  \n  \n  <h3>CrossingSpielfeldBW_web_0011<\/h3>\n  <p>Fl\u00fcchtlinge am Grenz\u00fcbergang Spielfeld, aufgenommen am 29. Oktober 2015. Am Bild zu sehen sind drei Schutzsuchende aus Afghanistan, die Frau in der Mitte mit dem hellgr\u00fcnen Kopftuch hei\u00dft Bibihal Uzbeki, sie ist 105 Jahre alt.<\/p>\n  \n<\/div>\n<div class=\"rsSlideRoot\">\n  <img class=\"rsImg\" src=\"http:\/\/www.alexanderdanner.com\/wp-content\/uploads\/2024\/04\/CrossingSpielfeldBW_web_0010-2500x1664.jpg\" alt=\"Fl\u00fcchtlinge am Grenz\u00fcbergang Spielfeld, aufgenommen am 29. Oktober 2015\"\/>\n  \n  \n  <h3>Fl\u00fcchtlinge am Grenz\u00fcbergang Spielfeld, aufgenommen am 29. Oktober 2015<\/h3>\n  <p>Fl\u00fcchtlinge am Grenz\u00fcbergang Spielfeld, aufgenommen am 29. Oktober 2015<\/p>\n  \n<\/div>\n<div class=\"rsSlideRoot\">\n  <img class=\"rsImg\" src=\"http:\/\/www.alexanderdanner.com\/wp-content\/uploads\/2024\/04\/CrossingSpielfeldBW_web_0029-2500x1664.jpg\" alt=\"CrossingSpielfeldBW_web_0029\"\/>\n  \n  \n  <h3>CrossingSpielfeldBW_web_0029<\/h3>\n  <p><\/p>\n  \n<\/div>\n<div class=\"rsSlideRoot\">\n  <img class=\"rsImg\" src=\"http:\/\/www.alexanderdanner.com\/wp-content\/uploads\/2024\/04\/CrossingSpielfeldBW_web_0030-2500x1667.jpg\" alt=\"CrossingSpielfeldBW_web_0030\"\/>\n  \n  \n  <h3>CrossingSpielfeldBW_web_0030<\/h3>\n  <p>Gefl\u00fcchtete, untergebracht in einer Massenunterkunft, nahe der Slowenisch-\u00d6sterreichischen Grenze in\u00a08471 Spielfeld, Steiermark (AUT), am 3 12. 2022. Von freiligen organisierte Kleiderausgabe.<\/p>\n  \n<\/div>\n<div class=\"rsSlideRoot\">\n  <img class=\"rsImg\" src=\"http:\/\/www.alexanderdanner.com\/wp-content\/uploads\/2024\/04\/CrossingSpielfeldBW_web_0022-2500x1667.jpg\" alt=\"CrossingSpielfeldBW_web_0022\"\/>\n  \n  \n  <h3>CrossingSpielfeldBW_web_0022<\/h3>\n  <p>Gefl\u00fcchtete, untergebracht in einer Massenunterkunft, nahe der Slowenisch-\u00d6sterreichischen Grenze in\u00a08471 Spielfeld, Steiermark (AUT), am 27. 11. 2022.<\/p>\n  \n<\/div>\n<div class=\"rsSlideRoot\">\n  <img class=\"rsImg\" src=\"http:\/\/www.alexanderdanner.com\/wp-content\/uploads\/2024\/04\/CrossingSpielfeldBW_web_0008-2500x1664.jpg\" alt=\"CrossingSpielfeldBW_web_0008\"\/>\n  \n  \n  <h3>CrossingSpielfeldBW_web_0008<\/h3>\n  <p><\/p>\n  \n<\/div>\n<div class=\"rsSlideRoot\">\n  <img class=\"rsImg\" src=\"http:\/\/www.alexanderdanner.com\/wp-content\/uploads\/2024\/04\/CrossingSpielfeldBW_web_0007-2500x1664.jpg\" alt=\"CrossingSpielfeldBW_web_0007\"\/>\n  \n  \n  <h3>CrossingSpielfeldBW_web_0007<\/h3>\n  <p><\/p>\n  \n<\/div>\n<div class=\"rsSlideRoot\">\n  <img class=\"rsImg\" src=\"http:\/\/www.alexanderdanner.com\/wp-content\/uploads\/2024\/04\/CrossingSpielfeldBW_web_0005-2500x1664.jpg\" alt=\"CrossingSpielfeldBW_web_0005\"\/>\n  \n  \n  <h3>CrossingSpielfeldBW_web_0005<\/h3>\n  <p><\/p>\n  \n<\/div>\n<div class=\"rsSlideRoot\">\n  <img class=\"rsImg\" src=\"http:\/\/www.alexanderdanner.com\/wp-content\/uploads\/2024\/04\/CrossingSpielfeldBW_web_0004-2500x1664.jpg\" alt=\"CrossingSpielfeldBW_web_0004\"\/>\n  \n  \n  <h3>CrossingSpielfeldBW_web_0004<\/h3>\n  <p><\/p>\n  \n<\/div>\n<div class=\"rsSlideRoot\">\n  <img class=\"rsImg\" src=\"http:\/\/www.alexanderdanner.com\/wp-content\/uploads\/2024\/04\/CrossingSpielfeldBW_web_0002-2500x1664.jpg\" alt=\"CrossingSpielfeldBW_web_0002\"\/>\n  \n  \n  <h3>CrossingSpielfeldBW_web_0002<\/h3>\n  <p>Gefl\u00fcchtete und MigrantInnen am Grenz\u00fcbergang \u0160entilj - Spielfeld, aufgenommen am 28. Oktober 2015.<\/p>\n  \n<\/div>\n\n<\/div>\n\n","protected":false},"excerpt":{"rendered":"","protected":false},"author":1,"featured_media":0,"parent":0,"menu_order":0,"comment_status":"closed","ping_status":"closed","template":"","meta":[],"_links":{"self":[{"href":"http:\/\/www.alexanderdanner.com\/index.php?rest_route=\/wp\/v2\/pages\/3705"}],"collection":[{"href":"http:\/\/www.alexanderdanner.com\/index.php?rest_route=\/wp\/v2\/pages"}],"about":[{"href":"http:\/\/www.alexanderdanner.com\/index.php?rest_route=\/wp\/v2\/types\/page"}],"author":[{"embeddable":true,"href":"http:\/\/www.alexanderdanner.com\/index.php?rest_route=\/wp\/v2\/users\/1"}],"replies":[{"embeddable":true,"href":"http:\/\/www.alexanderdanner.com\/index.php?rest_route=%2Fwp%2Fv2%2Fcomments&post=3705"}],"version-history":[{"count":2,"href":"http:\/\/www.alexanderdanner.com\/index.php?rest_route=\/wp\/v2\/pages\/3705\/revisions"}],"predecessor-version":[{"id":4125,"href":"http:\/\/www.alexanderdanner.com\/index.php?rest_route=\/wp\/v2\/pages\/3705\/revisions\/4125"}],"wp:attachment":[{"href":"http:\/\/www.alexanderdanner.com\/index.php?rest_route=%2Fwp%2Fv2%2Fmedia&parent=3705"}],"curies":[{"name":"wp","href":"https:\/\/api.w.org\/{rel}","templated":true}]}}